{"id":12,"date":"2026-04-01T12:42:50","date_gmt":"2026-04-01T12:42:50","guid":{"rendered":"https:\/\/www.aksaakustik.com.tr\/demo2\/sepet\/"},"modified":"2026-04-01T12:43:10","modified_gmt":"2026-04-01T12:43:10","slug":"sepet","status":"publish","type":"page","link":"https:\/\/www.aksaakustik.com.tr\/demo2\/sepet\/","title":{"rendered":"Sepet"},"content":{"rendered":"\n<div data-block-name=\"woocommerce\/cart\" class=\"wp-block-woocommerce-cart alignwide is-loading\">\n<div data-block-name=\"woocommerce\/filled-cart-block\" class=\"wp-block-woocommerce-filled-cart-block\">\n<div data-block-name=\"woocommerce\/cart-items-block\" class=\"wp-block-woocommerce-cart-items-block\">\n<div data-block-name=\"woocommerce\/cart-line-items-block\" class=\"wp-block-woocommerce-cart-line-items-block\"><\/div>\n\n\n<\/div>\n\n\n\n\n<div data-block-name=\"woocommerce\/cart-totals-block\" class=\"wp-block-woocommerce-cart-totals-block\">\n<div data-block-name=\"woocommerce\/cart-order-summary-block\" class=\"wp-block-woocommerce-cart-order-summary-block\">\n<div data-block-name=\"woocommerce\/cart-order-summary-heading-block\" class=\"wp-block-woocommerce-cart-order-summary-heading-block\"><\/div><div data-block-name=\"woocommerce\/cart-order-summary-coupon-form-block\" class=\"wp-block-woocommerce-cart-order-summary-coupon-form-block\"><\/div><div data-block-name=\"woocommerce\/cart-order-summary-totals-block\" class=\"wp-block-woocommerce-cart-order-summary-totals-block\">\n<div data-block-name=\"woocommerce\/cart-order-summary-subtotal-block\" class=\"wp-block-woocommerce-cart-order-summary-subtotal-block\"><\/div>\n<div data-block-name=\"woocommerce\/cart-order-summary-discount-block\" class=\"wp-block-woocommerce-cart-order-summary-discount-block\"><\/div>\n<div data-block-name=\"woocommerce\/cart-order-summary-fee-block\" class=\"wp-block-woocommerce-cart-order-summary-fee-block\"><\/div>\n<div data-block-name=\"woocommerce\/cart-order-summary-shipping-block\" class=\"wp-block-woocommerce-cart-order-summary-shipping-block\"><\/div>\n<div data-block-name=\"woocommerce\/cart-order-summary-taxes-block\" class=\"wp-block-woocommerce-cart-order-summary-taxes-block\"><\/div><\/div>\n<\/div>\n\n\n\n<div data-block-name=\"woocommerce\/cart-express-payment-block\" class=\"wp-block-woocommerce-cart-express-payment-block\"><\/div>\n\n\n\n<div data-block-name=\"woocommerce\/proceed-to-checkout-block\" class=\"wp-block-woocommerce-proceed-to-checkout-block\"><\/div>\n\n\n\n<div data-block-name=\"woocommerce\/cart-accepted-payment-methods-block\" class=\"wp-block-woocommerce-cart-accepted-payment-methods-block\"><\/div>\n<\/div>\n<\/div>\n\n\n\n<div data-block-name=\"woocommerce\/empty-cart-block\" class=\"wp-block-woocommerce-empty-cart-block\">\n<h2 class=\"wp-block-heading has-text-align-center with-empty-cart-icon wc-block-cart__empty-cart__title\">Sepetiniz \u015fu anda bo\u015f!<\/h2>\n\n\n\n<hr class=\"wp-block-separator has-alpha-channel-opacity is-style-dots\"\/>\n\n\n\n<h2 class=\"wp-block-heading has-text-align-center\">Ma\u011fazada yeni<\/h2>\n\n\n<div data-block-name=\"woocommerce\/product-new\" data-columns=\"4\" data-rows=\"1\" class=\"wc-block-grid wp-block-product-new wp-block-woocommerce-product-new wc-block-product-new has-4-columns\"><ul class=\"wc-block-grid__products\"><li class=\"wc-block-grid__product\">\n\t\t\t\t<a href=\"https:\/\/www.aksaakustik.com.tr\/demo2\/urun\/henectus-tincidunt\/\" class=\"wc-block-grid__product-link\">\n\t\t\t\t\t\n\t\t\t\t\t<div class=\"wc-block-grid__product-image\"><img fetchpriority=\"high\" decoding=\"async\" width=\"430\" height=\"491\" src=\"https:\/\/www.aksaakustik.com.tr\/demo2\/wp-content\/uploads\/2021\/08\/senectus-tincidunt-1.jpg\" class=\"attachment-woocommerce_thumbnail size-woocommerce_thumbnail\" alt=\"Henectus tincidunt\" \/><\/div>\n\t\t\t\t\t<div class=\"wc-block-grid__product-title\">Henectus tincidunt<\/div>\n\t\t\t\t<\/a>\n\t\t\t\t<div class=\"wc-block-grid__product-price price\"><span class=\"woocommerce-Price-amount amount\">429,00<span class=\"woocommerce-Price-currencySymbol\">&#8378;<\/span><\/span><\/div>\n\t\t\t\t\n\t\t\t\t<div class=\"wp-block-button wc-block-grid__product-add-to-cart\"><a href=\"\/demo2\/wp-json\/wp\/v2\/pages\/12?add-to-cart=411\" aria-label=\"Sepete ekle: \u201cHenectus tincidunt\u201d\" data-quantity=\"1\" data-product_id=\"411\" data-product_sku=\"\" data-price=\"429\" class=\"wp-block-button__link  add_to_cart_button ajax_add_to_cart\">Sepete Ekle<\/a><\/div>\n\t\t\t<\/li><li class=\"wc-block-grid__product\">\n\t\t\t\t<a href=\"https:\/\/www.aksaakustik.com.tr\/demo2\/urun\/ornare-auctor\/\" class=\"wc-block-grid__product-link\">\n\t\t\t\t\t\n\t\t\t\t\t<div class=\"wc-block-grid__product-image\"><img decoding=\"async\" width=\"430\" height=\"491\" src=\"https:\/\/www.aksaakustik.com.tr\/demo2\/wp-content\/uploads\/2021\/08\/ornare-auctor-1.jpg\" class=\"attachment-woocommerce_thumbnail size-woocommerce_thumbnail\" alt=\"Ornare auctor\" \/><\/div>\n\t\t\t\t\t<div class=\"wc-block-grid__product-title\">Ornare auctor<\/div>\n\t\t\t\t<\/a>\n\t\t\t\t<div class=\"wc-block-grid__product-price price\"><span class=\"woocommerce-Price-amount amount\">429,00<span class=\"woocommerce-Price-currencySymbol\">&#8378;<\/span><\/span><\/div>\n\t\t\t\t\n\t\t\t\t<div class=\"wp-block-button wc-block-grid__product-add-to-cart\"><a href=\"https:\/\/www.aksaakustik.com.tr\/demo2\/urun\/ornare-auctor\/\" aria-label=\"&ldquo;Ornare auctor&rdquo; i\u00e7in se\u00e7enekleri se\u00e7in\" data-quantity=\"1\" data-product_id=\"395\" data-product_sku=\"\" data-price=\"429\" class=\"wp-block-button__link  add_to_cart_button\">Se\u00e7enekler<\/a><\/div>\n\t\t\t<\/li><li class=\"wc-block-grid__product\">\n\t\t\t\t<a href=\"https:\/\/www.aksaakustik.com.tr\/demo2\/urun\/eames-plastic-side-chair\/\" class=\"wc-block-grid__product-link\">\n\t\t\t\t\t\n\t\t\t\t\t<div class=\"wc-block-grid__product-image\"><img decoding=\"async\" width=\"430\" height=\"491\" src=\"https:\/\/www.aksaakustik.com.tr\/demo2\/wp-content\/uploads\/2021\/08\/eames-plastic-side-chair-1.jpg\" class=\"attachment-woocommerce_thumbnail size-woocommerce_thumbnail\" alt=\"Eames plastic side chair\" \/><\/div>\n\t\t\t\t\t<div class=\"wc-block-grid__product-title\">Eames plastic side chair<\/div>\n\t\t\t\t<\/a>\n\t\t\t\t<div class=\"wc-block-grid__product-price price\"><span class=\"woocommerce-Price-amount amount\">99,00<span class=\"woocommerce-Price-currencySymbol\">&#8378;<\/span><\/span><\/div>\n\t\t\t\t\n\t\t\t\t<div class=\"wp-block-button wc-block-grid__product-add-to-cart\"><a href=\"https:\/\/www.aksaakustik.com.tr\/demo2\/urun\/eames-plastic-side-chair\/\" aria-label=\"&ldquo;Eames plastic side chair&rdquo; i\u00e7in se\u00e7enekleri se\u00e7in\" data-quantity=\"1\" data-product_id=\"381\" data-product_sku=\"\" data-price=\"99\" class=\"wp-block-button__link  add_to_cart_button\">Se\u00e7enekler<\/a><\/div>\n\t\t\t<\/li><li class=\"wc-block-grid__product\">\n\t\t\t\t<a href=\"https:\/\/www.aksaakustik.com.tr\/demo2\/urun\/augue-adipiscing-euismod\/\" class=\"wc-block-grid__product-link\">\n\t\t\t\t\t\n\t\t\t\t\t<div class=\"wc-block-grid__product-image\"><img loading=\"lazy\" decoding=\"async\" width=\"430\" height=\"491\" src=\"https:\/\/www.aksaakustik.com.tr\/demo2\/wp-content\/uploads\/2021\/08\/variable-product-example-1.jpg\" class=\"attachment-woocommerce_thumbnail size-woocommerce_thumbnail\" alt=\"Augue adipiscing euismod\" \/><\/div>\n\t\t\t\t\t<div class=\"wc-block-grid__product-title\">Augue adipiscing euismod<\/div>\n\t\t\t\t<\/a>\n\t\t\t\t<div class=\"wc-block-grid__product-price price\"><span class=\"woocommerce-Price-amount amount\">199,00<span class=\"woocommerce-Price-currencySymbol\">&#8378;<\/span><\/span><\/div>\n\t\t\t\t\n\t\t\t\t<div class=\"wp-block-button wc-block-grid__product-add-to-cart\"><a href=\"\/demo2\/wp-json\/wp\/v2\/pages\/12?add-to-cart=372\" aria-label=\"Sepete ekle: \u201cAugue adipiscing euismod\u201d\" data-quantity=\"1\" data-product_id=\"372\" data-product_sku=\"MNK-001\" data-price=\"199\" class=\"wp-block-button__link  add_to_cart_button ajax_add_to_cart\">Sepete Ekle<\/a><\/div>\n\t\t\t<\/li><\/ul><\/div><\/div>\n<\/div>\n","protected":false},"excerpt":{"rendered":"","protected":false},"author":1,"featured_media":0,"parent":0,"menu_order":0,"comment_status":"closed","ping_status":"closed","template":"","meta":{"footnotes":""},"class_list":["post-12","page","type-page","status-publish","hentry"],"yoast_head":"<!-- This site is optimized with the Yoast SEO plugin v27.3 - https:\/\/yoast.com\/product\/yoast-seo-wordpress\/ -->\n<title>Sepet - Aksa Akustik<\/title>\n<meta name=\"robots\" content=\"index, follow, max-snippet:-1, max-image-preview:large, max-video-preview:-1\" \/>\n<link rel=\"canonical\" href=\"https:\/\/www.aksaakustik.com.tr\/demo2\/sepet\/\" \/>\n<meta property=\"og:locale\" content=\"tr_TR\" \/>\n<meta property=\"og:type\" content=\"article\" \/>\n<meta property=\"og:title\" content=\"Sepet - Aksa Akustik\" \/>\n<meta property=\"og:url\" content=\"https:\/\/www.aksaakustik.com.tr\/demo2\/sepet\/\" \/>\n<meta property=\"og:site_name\" content=\"Aksa Akustik\" \/>\n<meta property=\"article:modified_time\" content=\"2026-04-01T12:43:10+00:00\" \/>\n<meta name=\"twitter:card\" content=\"summary_large_image\" \/>\n<script type=\"application\/ld+json\" class=\"yoast-schema-graph\">{\"@context\":\"https:\\\/\\\/schema.org\",\"@graph\":[{\"@type\":\"WebPage\",\"@id\":\"https:\\\/\\\/www.aksaakustik.com.tr\\\/demo2\\\/sepet\\\/\",\"url\":\"https:\\\/\\\/www.aksaakustik.com.tr\\\/demo2\\\/sepet\\\/\",\"name\":\"Sepet - Aksa Akustik\",\"isPartOf\":{\"@id\":\"https:\\\/\\\/www.aksaakustik.com.tr\\\/demo2\\\/#website\"},\"datePublished\":\"2026-04-01T12:42:50+00:00\",\"dateModified\":\"2026-04-01T12:43:10+00:00\",\"breadcrumb\":{\"@id\":\"https:\\\/\\\/www.aksaakustik.com.tr\\\/demo2\\\/sepet\\\/#breadcrumb\"},\"inLanguage\":\"tr\",\"potentialAction\":[{\"@type\":\"ReadAction\",\"target\":[\"https:\\\/\\\/www.aksaakustik.com.tr\\\/demo2\\\/sepet\\\/\"]}]},{\"@type\":\"BreadcrumbList\",\"@id\":\"https:\\\/\\\/www.aksaakustik.com.tr\\\/demo2\\\/sepet\\\/#breadcrumb\",\"itemListElement\":[{\"@type\":\"ListItem\",\"position\":1,\"name\":\"Anasayfa\",\"item\":\"https:\\\/\\\/www.aksaakustik.com.tr\\\/demo2\\\/\"},{\"@type\":\"ListItem\",\"position\":2,\"name\":\"Sepet\"}]},{\"@type\":\"WebSite\",\"@id\":\"https:\\\/\\\/www.aksaakustik.com.tr\\\/demo2\\\/#website\",\"url\":\"https:\\\/\\\/www.aksaakustik.com.tr\\\/demo2\\\/\",\"name\":\"Aksa Akustik\",\"description\":\"Akustik Kuma\u015f Ah\u015fap ve Ke\u00e7e Panel \u00dcreticisi\",\"publisher\":{\"@id\":\"https:\\\/\\\/www.aksaakustik.com.tr\\\/demo2\\\/#organization\"},\"potentialAction\":[{\"@type\":\"SearchAction\",\"target\":{\"@type\":\"EntryPoint\",\"urlTemplate\":\"https:\\\/\\\/www.aksaakustik.com.tr\\\/demo2\\\/?s={search_term_string}\"},\"query-input\":{\"@type\":\"PropertyValueSpecification\",\"valueRequired\":true,\"valueName\":\"search_term_string\"}}],\"inLanguage\":\"tr\"},{\"@type\":\"Organization\",\"@id\":\"https:\\\/\\\/www.aksaakustik.com.tr\\\/demo2\\\/#organization\",\"name\":\"Aksa Akustik\",\"url\":\"https:\\\/\\\/www.aksaakustik.com.tr\\\/demo2\\\/\",\"logo\":{\"@type\":\"ImageObject\",\"inLanguage\":\"tr\",\"@id\":\"https:\\\/\\\/www.aksaakustik.com.tr\\\/demo2\\\/#\\\/schema\\\/logo\\\/image\\\/\",\"url\":\"https:\\\/\\\/www.aksaakustik.com.tr\\\/demo2\\\/wp-content\\\/uploads\\\/2026\\\/04\\\/akustik-ses-yalitimi-malzemeleri-logo.webp\",\"contentUrl\":\"https:\\\/\\\/www.aksaakustik.com.tr\\\/demo2\\\/wp-content\\\/uploads\\\/2026\\\/04\\\/akustik-ses-yalitimi-malzemeleri-logo.webp\",\"width\":380,\"height\":89,\"caption\":\"Aksa Akustik\"},\"image\":{\"@id\":\"https:\\\/\\\/www.aksaakustik.com.tr\\\/demo2\\\/#\\\/schema\\\/logo\\\/image\\\/\"}}]}<\/script>\n<!-- \/ Yoast SEO plugin. -->","yoast_head_json":{"title":"Sepet - Aksa Akustik","robots":{"index":"index","follow":"follow","max-snippet":"max-snippet:-1","max-image-preview":"max-image-preview:large","max-video-preview":"max-video-preview:-1"},"canonical":"https:\/\/www.aksaakustik.com.tr\/demo2\/sepet\/","og_locale":"tr_TR","og_type":"article","og_title":"Sepet - Aksa Akustik","og_url":"https:\/\/www.aksaakustik.com.tr\/demo2\/sepet\/","og_site_name":"Aksa Akustik","article_modified_time":"2026-04-01T12:43:10+00:00","twitter_card":"summary_large_image","schema":{"@context":"https:\/\/schema.org","@graph":[{"@type":"WebPage","@id":"https:\/\/www.aksaakustik.com.tr\/demo2\/sepet\/","url":"https:\/\/www.aksaakustik.com.tr\/demo2\/sepet\/","name":"Sepet - Aksa Akustik","isPartOf":{"@id":"https:\/\/www.aksaakustik.com.tr\/demo2\/#website"},"datePublished":"2026-04-01T12:42:50+00:00","dateModified":"2026-04-01T12:43:10+00:00","breadcrumb":{"@id":"https:\/\/www.aksaakustik.com.tr\/demo2\/sepet\/#breadcrumb"},"inLanguage":"tr","potentialAction":[{"@type":"ReadAction","target":["https:\/\/www.aksaakustik.com.tr\/demo2\/sepet\/"]}]},{"@type":"BreadcrumbList","@id":"https:\/\/www.aksaakustik.com.tr\/demo2\/sepet\/#breadcrumb","itemListElement":[{"@type":"ListItem","position":1,"name":"Anasayfa","item":"https:\/\/www.aksaakustik.com.tr\/demo2\/"},{"@type":"ListItem","position":2,"name":"Sepet"}]},{"@type":"WebSite","@id":"https:\/\/www.aksaakustik.com.tr\/demo2\/#website","url":"https:\/\/www.aksaakustik.com.tr\/demo2\/","name":"Aksa Akustik","description":"Akustik Kuma\u015f Ah\u015fap ve Ke\u00e7e Panel \u00dcreticisi","publisher":{"@id":"https:\/\/www.aksaakustik.com.tr\/demo2\/#organization"},"potentialAction":[{"@type":"SearchAction","target":{"@type":"EntryPoint","urlTemplate":"https:\/\/www.aksaakustik.com.tr\/demo2\/?s={search_term_string}"},"query-input":{"@type":"PropertyValueSpecification","valueRequired":true,"valueName":"search_term_string"}}],"inLanguage":"tr"},{"@type":"Organization","@id":"https:\/\/www.aksaakustik.com.tr\/demo2\/#organization","name":"Aksa Akustik","url":"https:\/\/www.aksaakustik.com.tr\/demo2\/","logo":{"@type":"ImageObject","inLanguage":"tr","@id":"https:\/\/www.aksaakustik.com.tr\/demo2\/#\/schema\/logo\/image\/","url":"https:\/\/www.aksaakustik.com.tr\/demo2\/wp-content\/uploads\/2026\/04\/akustik-ses-yalitimi-malzemeleri-logo.webp","contentUrl":"https:\/\/www.aksaakustik.com.tr\/demo2\/wp-content\/uploads\/2026\/04\/akustik-ses-yalitimi-malzemeleri-logo.webp","width":380,"height":89,"caption":"Aksa Akustik"},"image":{"@id":"https:\/\/www.aksaakustik.com.tr\/demo2\/#\/schema\/logo\/image\/"}}]}},"_links":{"self":[{"href":"https:\/\/www.aksaakustik.com.tr\/demo2\/wp-json\/wp\/v2\/pages\/12","targetHints":{"allow":["GET"]}}],"collection":[{"href":"https:\/\/www.aksaakustik.com.tr\/demo2\/wp-json\/wp\/v2\/pages"}],"about":[{"href":"https:\/\/www.aksaakustik.com.tr\/demo2\/wp-json\/wp\/v2\/types\/page"}],"author":[{"embeddable":true,"href":"https:\/\/www.aksaakustik.com.tr\/demo2\/wp-json\/wp\/v2\/users\/1"}],"replies":[{"embeddable":true,"href":"https:\/\/www.aksaakustik.com.tr\/demo2\/wp-json\/wp\/v2\/comments?post=12"}],"version-history":[{"count":1,"href":"https:\/\/www.aksaakustik.com.tr\/demo2\/wp-json\/wp\/v2\/pages\/12\/revisions"}],"predecessor-version":[{"id":16,"href":"https:\/\/www.aksaakustik.com.tr\/demo2\/wp-json\/wp\/v2\/pages\/12\/revisions\/16"}],"wp:attachment":[{"href":"https:\/\/www.aksaakustik.com.tr\/demo2\/wp-json\/wp\/v2\/media?parent=12"}],"curies":[{"name":"wp","href":"https:\/\/api.w.org\/{rel}","templated":true}]}}